{"id":51,"date":"2020-07-20T08:47:45","date_gmt":"2020-07-20T08:47:45","guid":{"rendered":"http:\/\/labastatik.de\/?page_id=51"},"modified":"2022-03-22T17:59:11","modified_gmt":"2022-03-22T17:59:11","slug":"angebot","status":"publish","type":"page","link":"https:\/\/labastatik.de\/?page_id=51","title":{"rendered":"Angebot"},"content":{"rendered":"\t\t<div data-elementor-type=\"wp-page\" data-elementor-id=\"51\" class=\"elementor elementor-51\">\n\t\t\t\t\t\t<section class=\"elementor-section elementor-top-section elementor-element elementor-element-087085f elementor-section-boxed elementor-section-height-default elementor-section-height-default\" data-id=\"087085f\" data-element_type=\"section\" data-settings=\"{&quot;background_background&quot;:&quot;classic&quot;}\">\n\t\t\t\t\t\t\t<div class=\"elementor-background-overlay\"><\/div>\n\t\t\t\t\t\t\t<div class=\"elementor-container elementor-column-gap-no\">\n\t\t\t\t\t<div class=\"elementor-column elementor-col-100 elementor-top-column elementor-element elementor-element-f500b0e\" data-id=\"f500b0e\" data-element_type=\"column\">\n\t\t\t<div class=\"elementor-widget-wrap elementor-element-populated\">\n\t\t\t\t\t\t<div class=\"elementor-element elementor-element-8b286d3 elementor-widget elementor-widget-heading\" data-id=\"8b286d3\" data-element_type=\"widget\" data-widget_type=\"heading.default\">\n\t\t\t\t<div class=\"elementor-widget-container\">\n\t\t\t<style>\/*! elementor - v3.21.0 - 18-04-2024 *\/\n.elementor-heading-title{padding:0;margin:0;line-height:1}.elementor-widget-heading .elementor-heading-title[class*=elementor-size-]>a{color:inherit;font-size:inherit;line-height:inherit}.elementor-widget-heading .elementor-heading-title.elementor-size-small{font-size:15px}.elementor-widget-heading .elementor-heading-title.elementor-size-medium{font-size:19px}.elementor-widget-heading .elementor-heading-title.elementor-size-large{font-size:29px}.elementor-widget-heading .elementor-heading-title.elementor-size-xl{font-size:39px}.elementor-widget-heading .elementor-heading-title.elementor-size-xxl{font-size:59px}<\/style><h1 class=\"elementor-heading-title elementor-size-default\">ANGEBOT<\/h1>\t\t<\/div>\n\t\t\t\t<\/div>\n\t\t\t\t\t<\/div>\n\t\t<\/div>\n\t\t\t\t\t<\/div>\n\t\t<\/section>\n\t\t\t\t<section class=\"elementor-section elementor-top-section elementor-element elementor-element-b941b35 elementor-section-boxed elementor-section-height-default elementor-section-height-default\" data-id=\"b941b35\" data-element_type=\"section\">\n\t\t\t\t\t\t<div class=\"elementor-container elementor-column-gap-no\">\n\t\t\t\t\t<div class=\"elementor-column elementor-col-100 elementor-top-column elementor-element elementor-element-afee99a\" data-id=\"afee99a\" data-element_type=\"column\">\n\t\t\t<div class=\"elementor-widget-wrap elementor-element-populated\">\n\t\t\t\t\t\t<section class=\"elementor-section elementor-inner-section elementor-element elementor-element-5b25149 elementor-section-content-middle elementor-section-full_width elementor-section-height-default elementor-section-height-default\" data-id=\"5b25149\" data-element_type=\"section\">\n\t\t\t\t\t\t<div class=\"elementor-container elementor-column-gap-no\">\n\t\t\t\t\t<div class=\"elementor-column elementor-col-50 elementor-inner-column elementor-element elementor-element-d94ea72\" data-id=\"d94ea72\" data-element_type=\"column\">\n\t\t\t<div class=\"elementor-widget-wrap elementor-element-populated\">\n\t\t\t\t\t\t<div class=\"elementor-element elementor-element-3017109 elementor-widget elementor-widget-image\" data-id=\"3017109\" data-element_type=\"widget\" data-widget_type=\"image.default\">\n\t\t\t\t<div class=\"elementor-widget-container\">\n\t\t\t<style>\/*! elementor - v3.21.0 - 18-04-2024 *\/\n.elementor-widget-image{text-align:center}.elementor-widget-image a{display:inline-block}.elementor-widget-image a img[src$=\".svg\"]{width:48px}.elementor-widget-image img{vertical-align:middle;display:inline-block}<\/style>\t\t\t\t\t\t\t\t\t\t<img fetchpriority=\"high\" decoding=\"async\" width=\"900\" height=\"675\" src=\"https:\/\/labastatik.de\/wp-content\/uploads\/2022\/02\/10166.jpg\" class=\"attachment-full size-full wp-image-510\" alt=\"\" srcset=\"https:\/\/labastatik.de\/wp-content\/uploads\/2022\/02\/10166.jpg 900w, https:\/\/labastatik.de\/wp-content\/uploads\/2022\/02\/10166-300x225.jpg 300w, https:\/\/labastatik.de\/wp-content\/uploads\/2022\/02\/10166-768x576.jpg 768w\" sizes=\"(max-width: 900px) 100vw, 900px\" \/>\t\t\t\t\t\t\t\t\t\t\t\t\t<\/div>\n\t\t\t\t<\/div>\n\t\t\t\t<div class=\"elementor-element elementor-element-4021c3f elementor-widget elementor-widget-image\" data-id=\"4021c3f\" data-element_type=\"widget\" data-widget_type=\"image.default\">\n\t\t\t\t<div class=\"elementor-widget-container\">\n\t\t\t\t\t\t\t\t\t\t\t\t\t<img decoding=\"async\" width=\"900\" height=\"506\" src=\"https:\/\/labastatik.de\/wp-content\/uploads\/2022\/02\/10168.jpg\" class=\"attachment-full size-full wp-image-490\" alt=\"\" srcset=\"https:\/\/labastatik.de\/wp-content\/uploads\/2022\/02\/10168.jpg 900w, https:\/\/labastatik.de\/wp-content\/uploads\/2022\/02\/10168-300x169.jpg 300w, https:\/\/labastatik.de\/wp-content\/uploads\/2022\/02\/10168-768x432.jpg 768w\" sizes=\"(max-width: 900px) 100vw, 900px\" \/>\t\t\t\t\t\t\t\t\t\t\t\t\t<\/div>\n\t\t\t\t<\/div>\n\t\t\t\t<div class=\"elementor-element elementor-element-cbda788 elementor-widget elementor-widget-image\" data-id=\"cbda788\" data-element_type=\"widget\" data-widget_type=\"image.default\">\n\t\t\t\t<div class=\"elementor-widget-container\">\n\t\t\t\t\t\t\t\t\t\t\t\t\t<img decoding=\"async\" width=\"900\" height=\"675\" src=\"https:\/\/labastatik.de\/wp-content\/uploads\/2022\/02\/10157.jpg\" class=\"attachment-full size-full wp-image-488\" alt=\"\" srcset=\"https:\/\/labastatik.de\/wp-content\/uploads\/2022\/02\/10157.jpg 900w, https:\/\/labastatik.de\/wp-content\/uploads\/2022\/02\/10157-300x225.jpg 300w, https:\/\/labastatik.de\/wp-content\/uploads\/2022\/02\/10157-768x576.jpg 768w\" sizes=\"(max-width: 900px) 100vw, 900px\" \/>\t\t\t\t\t\t\t\t\t\t\t\t\t<\/div>\n\t\t\t\t<\/div>\n\t\t\t\t\t<\/div>\n\t\t<\/div>\n\t\t\t\t<div class=\"elementor-column elementor-col-50 elementor-inner-column elementor-element elementor-element-5bf52b5\" data-id=\"5bf52b5\" data-element_type=\"column\">\n\t\t\t<div class=\"elementor-widget-wrap elementor-element-populated\">\n\t\t\t\t\t\t<div class=\"elementor-element elementor-element-0457915 elementor-widget elementor-widget-heading\" data-id=\"0457915\" data-element_type=\"widget\" data-widget_type=\"heading.default\">\n\t\t\t\t<div class=\"elementor-widget-container\">\n\t\t\t<h3 class=\"elementor-heading-title elementor-size-default\">LABA STATIK<\/h3>\t\t<\/div>\n\t\t\t\t<\/div>\n\t\t\t\t<div class=\"elementor-element elementor-element-f1aaa7b elementor-widget elementor-widget-text-editor\" data-id=\"f1aaa7b\" data-element_type=\"widget\" data-widget_type=\"text-editor.default\">\n\t\t\t\t<div class=\"elementor-widget-container\">\n\t\t\t<style>\/*! elementor - v3.21.0 - 18-04-2024 *\/\n.elementor-widget-text-editor.elementor-drop-cap-view-stacked .elementor-drop-cap{background-color:#69727d;color:#fff}.elementor-widget-text-editor.elementor-drop-cap-view-framed .elementor-drop-cap{color:#69727d;border:3px solid;background-color:transparent}.elementor-widget-text-editor:not(.elementor-drop-cap-view-default) .elementor-drop-cap{margin-top:8px}.elementor-widget-text-editor:not(.elementor-drop-cap-view-default) .elementor-drop-cap-letter{width:1em;height:1em}.elementor-widget-text-editor .elementor-drop-cap{float:left;text-align:center;line-height:1;font-size:50px}.elementor-widget-text-editor .elementor-drop-cap-letter{display:inline-block}<\/style>\t\t\t\t<p>\u00a0<\/p><ul><li class=\"elementor-heading-title elementor-size-default elementor-inline-editing pen\" contenteditable=\"true\" data-elementor-setting-key=\"title\" data-pen-placeholder=\"Pisz tutaj...\"><p><strong>ANGEBOT<\/strong><\/p><p><strong>Wir haben die Berechtigung<\/strong><\/p><ul><li>zur Leitung der Baustelle und anderer Bauarbeiten;<\/li><li>zur Leitung der Herstellung von den Bauteilen sowie zur \u00dcberwachung und technischen Kontrolle der Bauteilherstellung;<\/li><li>zur Bautr\u00e4geraufsicht;<\/li><li>zur Durchf\u00fchrung der technischen Kontrolle der Instandhaltung von den Bauanlagen;<\/li><li>zur Projektierung, Pr\u00fcfung der Architektur- und Bauprojekte und zur Autorenaufsicht.<\/li><\/ul><p><strong>Wir bieten folgende Dienstleistungen an:<\/strong><\/p><ul><li>Bau-, Ausf\u00fchrungs- und Werkstattprojekte im Bereich der Stahlkonstruktionen;<\/li><li>Erstellung der BIM-Modelle f\u00fcr die Projektb\u00fcros, die keine entsprechende Erfahrung und Software besitzen;<\/li><li>Werkstattprojekte der Stahlkonstruktionen, zu erstellen aufgrund der Bau- oder Ausf\u00fchrungsprojekte;<\/li><li>technische Unterst\u00fctzung des Generalauftragnehmers: Sch\u00e4tzung des Arbeitsaufwandes, Feststellung von den Schneidepunkten, Planen\/Erstellung des Bauzeitplans;<\/li><li>Sch\u00e4tzung des Arbeitsaufwandes und Bauaufmasses;<\/li><\/ul><ul><li>Inventar von architektonischen Kubatur-Objekten;<\/li><li>Ausf\u00fchrung von 3D-Geb\u00e4ude-Pr\u00e4sentation.<\/li><\/ul><p><strong>Unser Fachgebiet:<\/strong><\/p><p>Projektierung von Stahlkonstruktionen f\u00fcr folgende Bestimmung:<\/p><ul><li>T\u00e4tigkeit in verschiedenen Industrie-, Handelszweigen und auch im Bereich der Freizeitaktivit\u00e4ten oder Erholung;<\/li><li>Produktions-, Lager-, Ausstellungs- und Sporthallen;<\/li><li>Montageprojekte von Stahlkonstruktionen.<\/li><\/ul><p>Schl\u00fcsselvorteile:<\/p><ul><li>sehr g\u00fcnstiges Verh\u00e4ltnis der Qualit\u00e4t zum Preis der angebotenen Dienstleistungen;<\/li><li>volle \u00dcbereinstimmung der architektonischen Dokumentation mit der Konstruktionsdokumentation;<\/li><li>das mit der Projektdokumentation \u00fcbereinstimmende 3D-Modell und seine Einsetzbarkeit auf der Baustelle durch die Nutzung der kostenlosen Browser (<a href=\"http:\/\/www.teklabimsight.com\/\">Tekla BIMsight<\/a>,\u00a0<a href=\"http:\/\/www.bimvision.eu\/home\/\">BIM Vision<\/a>)<\/li><li>Erh\u00f6hung der Konkurrenzf\u00e4higkeit Ihrer Firma auf dem Markt;<\/li><li>Erh\u00f6hung des Vertrauens von den potentiellen Kunden.<\/li><\/ul><p>Wir bieten die Autoren- und Bautr\u00e4geraufsicht und auch die Beratung im Bereich der Bauvorhabenrealisierung an.<\/p><\/li><\/ul>\t\t\t\t\t\t<\/div>\n\t\t\t\t<\/div>\n\t\t\t\t\t<\/div>\n\t\t<\/div>\n\t\t\t\t\t<\/div>\n\t\t<\/section>\n\t\t\t\t\t<\/div>\n\t\t<\/div>\n\t\t\t\t\t<\/div>\n\t\t<\/section>\n\t\t\t\t<\/div>\n\t\t","protected":false},"excerpt":{"rendered":"<p>ANGEBOT LABA STATIK \u00a0 ANGEBOT Wir haben die Berechtigung zur Leitung der Baustelle und anderer Bauarbeiten; zur Leitung der Herstellung von den Bauteilen sowie zur \u00dcberwachung und technischen Kontrolle der Bauteilherstellung; zur Bautr\u00e4geraufsicht; zur Durchf\u00fchrung der technischen Kontrolle der Instandhaltung von den Bauanlagen; zur Projektierung, Pr\u00fcfung der Architektur- und Bauprojekte und zur Autorenaufsicht. Wir bieten [&hellip;]<\/p>\n","protected":false},"author":2,"featured_media":0,"parent":0,"menu_order":0,"comment_status":"closed","ping_status":"closed","template":"","meta":{"site-sidebar-layout":"no-sidebar","site-content-layout":"page-builder","ast-site-content-layout":"","site-content-style":"default","site-sidebar-style":"default","ast-global-header-display":"","ast-banner-title-visibility":"","ast-main-header-display":"","ast-hfb-above-header-display":"","ast-hfb-below-header-display":"","ast-hfb-mobile-header-display":"","site-post-title":"disabled","ast-breadcrumbs-content":"disabled","ast-featured-img":"disabled","footer-sml-layout":"","theme-transparent-header-meta":"enabled","adv-header-id-meta":"","stick-header-meta":"","header-above-stick-meta":"","header-main-stick-meta":"","header-below-stick-meta":"","astra-migrate-meta-layouts":"default","ast-page-background-enabled":"default","ast-page-background-meta":{"desktop":{"background-color":"","background-image":"","background-repeat":"repeat","background-position":"center center","background-size":"auto","background-attachment":"scroll","background-type":"","background-media":"","overlay-type":"","overlay-color":"","overlay-gradient":""},"tablet":{"background-color":"","background-image":"","background-repeat":"repeat","background-position":"center center","background-size":"auto","background-attachment":"scroll","background-type":"","background-media":"","overlay-type":"","overlay-color":"","overlay-gradient":""},"mobile":{"background-color":"","background-image":"","background-repeat":"repeat","background-position":"center center","background-size":"auto","background-attachment":"scroll","background-type":"","background-media":"","overlay-type":"","overlay-color":"","overlay-gradient":""}},"ast-content-background-meta":{"desktop":{"background-color":"var(--ast-global-color-5)","background-image":"","background-repeat":"repeat","background-position":"center center","background-size":"auto","background-attachment":"scroll","background-type":"","background-media":"","overlay-type":"","overlay-color":"","overlay-gradient":""},"tablet":{"background-color":"var(--ast-global-color-5)","background-image":"","background-repeat":"repeat","background-position":"center center","background-size":"auto","background-attachment":"scroll","background-type":"","background-media":"","overlay-type":"","overlay-color":"","overlay-gradient":""},"mobile":{"background-color":"var(--ast-global-color-5)","background-image":"","background-repeat":"repeat","background-position":"center center","background-size":"auto","background-attachment":"scroll","background-type":"","background-media":"","overlay-type":"","overlay-color":"","overlay-gradient":""}},"footnotes":""},"_links":{"self":[{"href":"https:\/\/labastatik.de\/index.php?rest_route=\/wp\/v2\/pages\/51"}],"collection":[{"href":"https:\/\/labastatik.de\/index.php?rest_route=\/wp\/v2\/pages"}],"about":[{"href":"https:\/\/labastatik.de\/index.php?rest_route=\/wp\/v2\/types\/page"}],"author":[{"embeddable":true,"href":"https:\/\/labastatik.de\/index.php?rest_route=\/wp\/v2\/users\/2"}],"replies":[{"embeddable":true,"href":"https:\/\/labastatik.de\/index.php?rest_route=%2Fwp%2Fv2%2Fcomments&post=51"}],"version-history":[{"count":23,"href":"https:\/\/labastatik.de\/index.php?rest_route=\/wp\/v2\/pages\/51\/revisions"}],"predecessor-version":[{"id":625,"href":"https:\/\/labastatik.de\/index.php?rest_route=\/wp\/v2\/pages\/51\/revisions\/625"}],"wp:attachment":[{"href":"https:\/\/labastatik.de\/index.php?rest_route=%2Fwp%2Fv2%2Fmedia&parent=51"}],"curies":[{"name":"wp","href":"https:\/\/api.w.org\/{rel}","templated":true}]}}